{"id":831397,"date":"2023-10-03T16:06:08","date_gmt":"2023-10-03T07:06:08","guid":{"rendered":"https:\/\/www.kandagaigo.ac.jp\/kifl\/admissions\/"},"modified":"2023-10-23T18:19:33","modified_gmt":"2023-10-23T09:19:33","slug":"admissions","status":"publish","type":"page","link":"https:\/\/www.kandagaigo.ac.jp\/kifl\/vi\/admissions\/","title":{"rendered":"Th\u00f4ng tin thi tuy\u1ec3n sinh"},"content":{"rendered":"<div class=\"admissions-section yellow-base trigger\">\n\t\t\t<h3 class=\"admissions-section_title\">H\u1ecdc vi\u1ec7n Ngo\u1ea1i ng\u1eef Kanda<br class=\"mb-object\">Nh\u1eefng \u0111i\u1ec3m ch\u00ednh c\u1ee7a h\u1ec7 th\u1ed1ng thi tuy\u1ec3n sinh<\/h3>\n\t\t\t<ul class=\"admissions-pointlist\">\n\t\t\t\t<li><span>\u0110I\u1ec2M 1<\/span>\n\t\t\t\t\t<p>T\u1eeb <span>c\u00e1c h\u1ec7 th\u1ed1ng ki\u1ec3m tra \u0111\u1ea7u v\u00e0o kh\u00e1c nhau<\/span><br>S\u1eed d\u1ee5ng <span>\u0111i\u1ec3m m\u1ea1nh v\u00e0 th\u1ebf m\u1ea1nh<\/span> c\u1ee7a b\u1ea1n<br>\u1ee8ng d\u1ee5ng c\u00f3 th\u1ec3 \u0111\u01b0\u1ee3c th\u1ef1c hi\u1ec7n b\u1eb1ng c\u00e1ch s\u1eed d\u1ee5ng<\/p>\n\t\t\t\t<\/li>\n\t\t\t\t<li><span>\u0110I\u1ec2M 2<\/span>\n\t\t\t\t\t<p>V\u1edbi <span>\u1ee9ng d\u1ee5ng<\/span> s\u1edbm,<br>Ph\u00ed \u0111\u0103ng k\u00fd v\u00e0 l\u1ec7 ph\u00ed nh\u1eadp h\u1ecdc<br><span>H\u1ec7 th\u1ed1ng mi\u1ec5n tr\u1eeb<\/span> c\u00f3 s\u1eb5n<\/p>\n\t\t\t\t<\/li>\n\t\t\t\t<li><span>\u0110I\u1ec2M 3<\/span>\n\t\t\t\t\t<p>Kh\u00f4ng ph\u1ea3i kh\u1ea3 n\u0103ng h\u1ecdc t\u1eadp,<br><span>Kinh nghi\u1ec7m tr\u01b0\u1edbc \u0111\u00e2y<\/span> v\u00e0<br>V\u1edbi <span>t\u1ea7m nh\u00ecn cho t\u01b0\u01a1ng lai<\/span><br>B\u1ea1n c\u00f3 th\u1ec3 \u0111\u0103ng k\u00fd<\/p>\n\t\t\t\t<\/li>\n\t\t\t\t<li><span>\u0110I\u1ec2M 4<\/span>\n\t\t\t\t\t<p>\u0110\u00f3 l\u00e0 m\u1ed9t tr\u01b0\u1eddng nh\u00f3m<br>Trong tr\u01b0\u1eddng h\u1ee3p n\u1ed9p \u0111\u01a1n c\u00f9ng v\u1edbi \u0110\u1ea1i h\u1ecdc Nghi\u00ean c\u1ee9u Qu\u1ed1c t\u1ebf Kanda,<br><span class=\"semilarge\">\"Kh\u00f4ng thu l\u1ec7 ph\u00ed thi\"<\/span><br>B\u1ea1n c\u00f3 th\u1ec3 n\u1ed9p \u0111\u01a1n <span class=\"semilarge\">m\u00e0 kh\u00f4ng c\u1ea7n b\u1ea5t k\u1ef3 t\u00e0i li\u1ec7u \u1ee9ng d\u1ee5ng n\u00e0o nh\u01b0 t\u00e0i li\u1ec7u t\u00ecm ki\u1ebfm.<\/span><\/p>\n\t\t\t\t<\/li>\n\t\t\t<\/ul>\n\t\t<\/div>\n\t\t<div class=\"admissions-section \">\n\t\t\t<h3 class=\"admissions-section_title\">L\u00e0m th\u1ebf n\u00e0o \u0111\u1ec3 \u00e1p d\u1ee5ng t\u1ed1t nh\u1ea5t cho b\u1ea1n<br class=\"mb-object\">T\u00ecm \"Entrance Exam Navi\"<\/h3>\n\n\t\t\t<ul class=\"admissions-navi\">\n\t\t\t\t<li class=\"trigger\"><a href=\".\/navi-type.html\">\n\t\t\t\t\t<dl><dt><span>C\u00e1c lo\u1ea1i k\u1ef3 thi tuy\u1ec3n sinh<\/span><br>T\u00ecm ki\u1ebfm theo<\/dt>\n\t\t\t\t\t\t<dd>B\u1ea1n c\u00f3 th\u1ec3 ch\u1ecdn ph\u01b0\u01a1ng ph\u00e1p ph\u00f9 h\u1ee3p nh\u1ea5t v\u1edbi m\u00ecnh t\u1eeb 7 ph\u01b0\u01a1ng ph\u00e1p ki\u1ec3m tra kh\u00e1c nhau.<br>\u25cb K\u1ef3 thi tuy\u1ec3n sinh AO \u25cb K\u1ef3 thi tuy\u1ec3n sinh gi\u1edbi thi\u1ec7u tr\u01b0\u1eddng \u0111\u01b0\u1ee3c ch\u1ec9 \u0111\u1ecbnh \u25cb K\u1ef3 thi tuy\u1ec3n sinh gi\u1edbi thi\u1ec7u c\u1ee7a tr\u01b0\u1eddng \u25cb K\u1ef3 thi tuy\u1ec3n sinh t\u1ef1 gi\u1edbi thi\u1ec7u \u25cb K\u1ef3 thi tuy\u1ec3n sinh chung \u25cb K\u1ef3 thi tuy\u1ec3n sinh \u01b0u \u0111\u00e3i k\u1ebft h\u1ee3p c\u1ee7a \u0110\u1ea1i h\u1ecdc Nghi\u00ean c\u1ee9u Qu\u1ed1c t\u1ebf Kanda \u25cb K\u1ef3 thi tuy\u1ec3n sinh \u0111\u1eb7c bi\u1ec7t d\u00e0nh cho sinh vi\u00ean qu\u1ed1c t\u1ebf<\/dd>\n\t\t\t\t\t<\/dl>\n\t\t\t\t\t<div class=\"navi-img\"><img decoding=\"async\" src=\".\/images\/adm-navi01.jpg\" alt=\"T\u00ecm ki\u1ebfm theo lo\u1ea1i k\u1ef3 thi tuy\u1ec3n sinh\"><\/div>\n\t\t\t\t<\/a>\n\t\t\t\t<\/li>\n\t\t\t\t<li class=\"trigger\"><a href=\".\/navi-character.html\">\n\t\t\t\t\t<dl><dt><span>\u0110i\u1ec3m m\u1ea1nh v\u00e0 th\u1ebf m\u1ea1nh c\u1ee7a b\u1ea1n<\/span><br>T\u00ecm ki\u1ebfm theo<\/dt>\n\t\t\t\t\t\t<dd>Ch\u1ecdn ph\u01b0\u01a1ng ph\u00e1p n\u1ed9p \u0111\u01a1n ph\u00f9 h\u1ee3p v\u1edbi b\u1ea1n d\u1ef1a tr\u00ean th\u1ebf m\u1ea1nh, th\u1ebf m\u1ea1nh v\u00e0 n\u1ec1n t\u1ea3ng \u0111a d\u1ea1ng c\u1ee7a b\u1ea1n, ch\u1eb3ng h\u1ea1n nh\u01b0 \u0111i\u1ec3m s\u1ed1 v\u00e0 b\u1eb1ng c\u1ea5p c\u1ee7a tr\u01b0\u1eddng, kinh nghi\u1ec7m du h\u1ecdc v\u00e0 c\u00f4ng d\u00e2n n\u01b0\u1edbc ngo\u00e0i.<\/dd>\n\t\t\t\t\t<\/dl>\n\t\t\t\t\t<div class=\"navi-img\"><img decoding=\"async\" src=\".\/images\/adm-navi02.jpg\" alt=\"T\u00ecm ki\u1ebfm theo \u0111i\u1ec3m m\u1ea1nh v\u00e0 \u0111i\u1ec3m m\u1ea1nh c\u1ee7a b\u1ea1n\"><\/div>\n\t\t\t\t<\/a>\n\t\t\t\t<\/li>\n\n\t\t\t\t<li class=\"widenavi trigger\"><a href=\".\/step.html\">\n\t\t\t\t\t<p class=\"widenavi-title\">T\u1eeb \u1ee9ng d\u1ee5ng web<br class=\"mb-object\">Bi\u1ebft quy tr\u00ecnh nh\u1eadp h\u1ecdc\n\t\t\t\t\t\t<span>Ch\u00fang t\u00f4i s\u1ebd gi\u1edbi thi\u1ec7u d\u00f2ng ch\u1ea3y t\u1eeb c\u00e1ch \u0111\u0103ng k\u00fd tr\u1ef1c tuy\u1ebfn, \u0111\u1ebfn k\u1ef3 thi tuy\u1ec3n sinh v\u00e0 th\u1ee7 t\u1ee5c nh\u1eadp h\u1ecdc.<\/span>\n\t\t\t\t\t<\/p>\n\t\t\t\t\t<div class=\"navi-img\"><img decoding=\"async\" src=\".\/images\/adm-navi03.jpg\" alt=\"Bi\u1ebft d\u00f2ng ch\u1ea3y t\u1eeb \u1ee9ng d\u1ee5ng WEB \u0111\u1ebfn nh\u1eadp h\u1ecdc\"><\/div>\n\t\t\t\t<\/a>\n\t\t\t\t<\/li>\n\t\t\t\t<li class=\"widenavi trigger\"><a href=\"https:\/\/www.gov-online.go.jp\/tokusyu\/shugaku_shien\/\" target=\"_blank\" rel=\"noopener\">\n\t\t\t\t\t<p class=\"widenavi-title three\">H\u1ed7 tr\u1ee3 h\u1ecdc t\u1eadp cho gi\u00e1o d\u1ee5c \u0111\u1ea1i h\u1ecdc<br class=\"mb-object\">H\u1ec7 th\u1ed1ng m\u1edbi\n\t\t\t\t\t\t<span>(L\u00e0m cho gi\u00e1o d\u1ee5c \u0111\u1ea1i h\u1ecdc mi\u1ec5n ph\u00ed)<\/span>\n\t\t\t\t\t\t<span class=\"l-size\">Tr\u01b0\u1eddng m\u1ee5c ti\u00eau<\/span>\n\t\t\t\t\t\t\n\t\t\t\t\t<\/p>\n\t\t\t\t\t<div class=\"widenavi-img\"><img decoding=\"async\" src=\".\/images\/adm-navi04_block.svg\"><\/div>\n\t\t\t\t\t<div class=\"navi-img\"><img decoding=\"async\" src=\".\/images\/adm-navi04.jpg\" alt=\"C\u00e1c tr\u01b0\u1eddng \u0111\u1ee7 \u0111i\u1ec1u ki\u1ec7n nh\u1eadn gi\u00e1o d\u1ee5c mi\u1ec5n ph\u00ed\"><\/div>\n\t\t\t\t<\/a>\n\t\t\t\t<\/li>\n\t\t\t<\/ul>\n\n\t\t\t<ul class=\"admissions-subnavi trigger\">\n\t\t\t\t<li><a href=\".\/documents.html\">T\u00e0i li\u1ec7u c\u1ea7n thi\u1ebft cho \u1ee9ng d\u1ee5ng<\/a><\/li>\n\t\t\t\t<li><a href=\".\/tuition.html\">H\u1ecdc ph\u00ed, h\u1ecdc b\u1ed5ng v\u00e0 c\u00e1c kho\u1ea3n vay gi\u00e1o d\u1ee5c<\/a><\/li>\n\t\t\t\t<li><a href=\".\/faq.html\">H\u1ecfi &amp; \u0110\u00e1p v\u1ec1 K\u1ef3 thi tuy\u1ec3n sinh<\/a><\/li>\n\t\t\t<\/ul>\n\n\t\t<\/div>\n\t\t<div class=\"admissions-section trigger\">\n\t\t\t<h3 class=\"admissions-point_title\">\u0110\u1ed1i v\u1edbi \u1ee9ng vi\u00ean nh\u1eadp h\u1ecdc v\u00e0o th\u00e1ng 4\/2024<br class=\"mb-object\">\"H\u01b0\u1edbng d\u1eabn n\u1ed9p \u0111\u01a1n 2024\" \/ L\u1ecbch thi tuy\u1ec3n sinh<\/h3>\n\t\t\t<ul class=\"admissions-pdf_navi\">\n\t\t\t\t<li><a href=\".\/pdf\/requirements.pdf\" target=\"_blank\" rel=\"noopener\">H\u01b0\u1edbng d\u1eabn \u0111\u0103ng k\u00fd 2024<\/a><\/li>\n\t\t\t\t<li><a href=\".\/pdf\/requirements_schedule.pdf\" target=\"_blank\" rel=\"noopener\">L\u1ecbch thi tuy\u1ec3n sinh 2024<\/a><\/li>\n\t\t\t<\/ul>\n\n\t\t<\/div>","protected":false},"excerpt":{"rendered":"H\u1ecdc vi\u1ec7n Ngo\u1ea1i ng\u1eef KandaNh\u1eefng \u0111i\u1ec3m ch\u00ednh c\u1ee7a h\u1ec7 th\u1ed1ng thi tuy\u1ec3n sinh \u0110I\u1ec2M 1 T\u1eeb c\u00e1c h\u1ec7 th\u1ed1ng ki\u1ec3m tra \u0111\u1ea7u v\u00e0o kh\u00e1c nhauS\u1eed d\u1ee5ng \u0111i\u1ec3m m\u1ea1nh v\u00e0 th\u1ebf m\u1ea1nh c\u1ee7a b\u1ea1n\u1ee8ng d\u1ee5ng c\u00f3 th\u1ec3 \u0111\u01b0\u1ee3c th\u1ef1c hi\u1ec7n b\u1eb1ng c\u00e1ch s\u1eed d\u1ee5ng \u0110I\u1ec2M 2 V\u1edbi \u1ee9ng d\u1ee5ng s\u1edbm,Ph\u00ed \u0111\u0103ng k\u00fd v\u00e0 l\u1ec7 ph\u00ed nh\u1eadp [&hellip;]","protected":false},"author":1,"featured_media":0,"parent":0,"menu_order":1,"comment_status":"closed","ping_status":"closed","template":"page-admissions2024_temp.php","meta":{"footnotes":"","_links_to":"","_links_to_target":""},"acf":[],"_links":{"self":[{"href":"https:\/\/www.kandagaigo.ac.jp\/kifl\/vi\/wp-json\/wp\/v2\/pages\/831397"}],"collection":[{"href":"https:\/\/www.kandagaigo.ac.jp\/kifl\/vi\/wp-json\/wp\/v2\/pages"}],"about":[{"href":"https:\/\/www.kandagaigo.ac.jp\/kifl\/vi\/wp-json\/wp\/v2\/types\/page"}],"author":[{"embeddable":true,"href":"https:\/\/www.kandagaigo.ac.jp\/kifl\/vi\/wp-json\/wp\/v2\/users\/1"}],"replies":[{"embeddable":true,"href":"https:\/\/www.kandagaigo.ac.jp\/kifl\/vi\/wp-json\/wp\/v2\/comments?post=831397"}],"version-history":[{"count":1,"href":"https:\/\/www.kandagaigo.ac.jp\/kifl\/vi\/wp-json\/wp\/v2\/pages\/831397\/revisions"}],"predecessor-version":[{"id":831455,"href":"https:\/\/www.kandagaigo.ac.jp\/kifl\/vi\/wp-json\/wp\/v2\/pages\/831397\/revisions\/831455"}],"wp:attachment":[{"href":"https:\/\/www.kandagaigo.ac.jp\/kifl\/vi\/wp-json\/wp\/v2\/media?parent=831397"}],"curies":[{"name":"wp","href":"https:\/\/api.w.org\/{rel}","templated":true}]}}