{"id":831409,"date":"2023-10-05T11:03:26","date_gmt":"2023-10-05T02:03:26","guid":{"rendered":"https:\/\/www.kandagaigo.ac.jp\/kifl\/cooperation\/"},"modified":"2023-10-23T18:20:07","modified_gmt":"2023-10-23T09:20:07","slug":"cooperation","status":"publish","type":"page","link":"https:\/\/www.kandagaigo.ac.jp\/kifl\/vi\/cooperation\/","title":{"rendered":"D\u1ef1 \u00e1n h\u1ee3p t\u00e1c c\u00f4ng nghi\u1ec7p-h\u1ecdc vi\u1ec7n-k\u1ef9 thu\u1eadt"},"content":{"rendered":"<div class=\"content-inner\">\n\t\t\t<div class=\"main-read-box\">\n\t\t\t\t<p class=\"main\">\n  \"H\u1ecdc v\u1edbi t\u00ednh x\u00e1c th\u1ef1c\" v\u1edbi c\u00e1c c\u00f4ng ty v\u00e0 c\u1ed9ng \u0111\u1ed3ng. \u0110\u00f3 l\u00e0 l\u00fd do t\u1ea1i sao b\u1ea1n c\u00f3 th\u1ec3 c\u00f3 hi\u1ec7u qu\u1ea3 ngay l\u1eadp t\u1ee9c trong x\u00e3 h\u1ed9i.\n\t\t\t\t<\/p>\n\t\t\t\t<p class=\"sub\">\n  H\u1ecdc vi\u1ec7n Ngo\u1ea1i ng\u1eef Kanda cung c\u1ea5p nhi\u1ec1u l\u1edbp h\u1ecdc th\u1ef1c h\u00e0nh v\u1edbi s\u1ef1 h\u1ee3p t\u00e1c c\u1ee7a c\u00e1c c\u00f4ng ty v\u00e0 c\u1ed9ng \u0111\u1ed3ng \u0111\u1ecba ph\u01b0\u01a1ng.<br>\n  \u0110\u00e2y kh\u00f4ng ph\u1ea3i l\u00e0 m\u1ed9t k\u1ef3 th\u1ef1c t\u1eadp ng\u1eafn h\u1ea1n, m\u00e0 l\u00e0 m\u1ed9t nghi\u00ean c\u1ee9u t\u1ea1i ch\u1ed7 trung v\u00e0 d\u00e0i h\u1ea1n nh\u01b0 m\u1ed9t ph\u1ea7n c\u1ee7a l\u1edbp h\u1ecdc. \u0110\u00f3 ch\u00ednh l\u00e0 ch\u01b0\u01a1ng tr\u00ecnh \"h\u1ecdc v\u1edbi th\u1ef1c t\u1ebf\" do Tr\u01b0\u1eddng Ngo\u1ea1i ng\u1eef Kanda cung c\u1ea5p.\n\t\t\t\t<\/p>\n\t\t\t<\/div>\n\t\t<\/div>\n\n\t\t<ul class=\"coop-content-list\">\n\t\t\t<li>\n\t\t\t\t<div class=\"img-box\">\n\t\t\t\t\t<div class=\"bg-img\">\n\t\t\t\t\t\t<img decoding=\"async\" src=\".\/images\/coop-bgimg01.jpg\" alt=\"\" class=\"bg\">\n\t\t\t\t\t\t<img decoding=\"async\" src=\".\/images\/coop-bgimg02.jpg\" alt=\"\" class=\"bg\">\n\t\t\t\t\t<\/div>\n\t\t\t\t\t<img decoding=\"async\" src=\".\/images\/num01.png\" alt=\"\" class=\"num\">\n\t\t\t\t\t<div class=\"read-box\">\n\t\t\t\t\t\t<p class=\"main-read\">\n  New Balance \"\u0110\u1ec1 xu\u1ea5t k\u1ebf ho\u1ea1ch m\u1edf r\u1ed9ng doanh s\u1ed1 b\u00e1n \u0111\u1ed3 th\u1ec3 thao\"\n\t\t\t\t\t\t<\/p>\n\t\t\t\t\t<\/div>\n\t\t\t\t<\/div>\n\t\t\t\t<div class=\"content-inner\">\n\t\t\t\t\t<p class=\"sub-read\">\n  Ch\u00fang t\u00f4i ti\u1ebfn h\u00e0nh kh\u1ea3o s\u00e1t v\u00e0 ph\u00e2n t\u00edch t\u1ea1i ch\u1ed7 cho m\u1ed9t ch\u1ee7 \u0111\u1ec1 nh\u1ea5t \u0111\u1ecbnh v\u00e0 t\u1ea1o ra m\u1ed9t k\u1ebf ho\u1ea1ch kinh doanh ban \u0111\u1ea7u nh\u01b0 m\u1ed9t nh\u00f3m.\n  K\u1ebf ho\u1ea1ch. K\u1ebf ho\u1ea1ch \u0111\u01b0\u1ee3c tr\u00ecnh b\u00e0y cho c\u00f4ng ty v\u00e0 nh\u1eadn \u0111\u01b0\u1ee3c ph\u1ea3n h\u1ed3i.\n\t\t\t\t\t<\/p>\n\t\t\t\t\t<p class=\"read\">\n\t\t\t\t\t\t<a href=\"https:\/\/www.kandagaigo.ac.jp\/kifl\/news\/82482\/\">\u2605B\u00e1o c\u00e1o ho\u1ea1t \u0111\u1ed9ng n\u0103m t\u00e0i ch\u00ednh 2022 vol.1<\/a><br>\n\t\t\t\t\t\t<a href=\"https:\/\/www.kandagaigo.ac.jp\/kifl\/news\/88230\/\">\u2605B\u00e1o c\u00e1o ho\u1ea1t \u0111\u1ed9ng n\u0103m t\u00e0i ch\u00ednh 2022 vol.2<\/a><br>\n\t\t\t\t\t\t<a href=\"https:\/\/www.instagram.com\/p\/Cugl_YnM76f\/\" target=\"_blank\" rel=\"noopener\">\u2605 B\u1ea5m v\u00e0o \u0111\u00e2y \u0111\u1ec3 xem c\u00e1c ho\u1ea1t \u0111\u1ed9ng m\u1edbi nh\u1ea5t!<\/a>\n\t\t\t\t\t<\/p>\n\t\t\t\t<\/div>\n\t\t\t<\/li>\n\t\t\t<li>\n\t\t\t\t<div class=\"img-box\">\n\t\t\t\t\t<div class=\"bg-img\">\n\t\t\t\t\t\t<img decoding=\"async\" src=\".\/images\/coop-bgimg03.jpg\" alt=\"\" class=\"bg\">\n\t\t\t\t\t\t<img decoding=\"async\" src=\".\/images\/coop-bgimg04.jpg\" alt=\"\" class=\"bg\">\n\t\t\t\t\t<\/div>\n\t\t\t\t\t<img decoding=\"async\" src=\".\/images\/num02.png\" alt=\"\" class=\"num\">\n\t\t\t\t\t<div class=\"read-box\">\n\t\t\t\t\t\t<p class=\"main-read\">\n  Th\u00e0nh ph\u1ed1 Joetsu, t\u1ec9nh Niigata \"\u0110\u1ec1 xu\u1ea5t k\u1ebf ho\u1ea1ch ph\u1ee5c h\u1ed3i khu v\u1ef1c th\u00f4ng qua h\u1ee3p t\u00e1c \u0111\u1ea1i h\u1ecdc k\u1ef9 thu\u1eadt v\u1edbi tr\u01b0\u1eddng trung h\u1ecdc \u0111\u1ecba ph\u01b0\u01a1ng\"\n\t\t\t\t\t\t<\/p>\n\t\t\t\t\t<\/div>\n\t\t\t\t<\/div>\n\t\t\t\t<div class=\"content-inner\">\n\t\t\t\t\t<p class=\"sub-read\">\n  Trong khi t\u01b0\u01a1ng t\u00e1c v\u1edbi c\u00e1c h\u1ecdc sinh c\u1ee7a tr\u01b0\u1eddng trung h\u1ecdc Sekine Gakuen (th\u00e0nh ph\u1ed1 Joetsu, t\u1ec9nh Niigata), c\u00e1c h\u1ed9i th\u1ea3o v\u00e0 nghi\u00ean c\u1ee9u th\u1ef1c \u0111\u1ecba \u0111\u00e3 \u0111\u01b0\u1ee3c ti\u1ebfn h\u00e0nh. Ch\u00fang t\u00f4i ph\u00e2n t\u00edch d\u1eef li\u1ec7u \u0111\u01b0\u1ee3c thu th\u1eadp t\u1ea1i \u0111\u1ecba ph\u01b0\u01a1ng v\u00e0 \u0111\u1ec1 xu\u1ea5t c\u00e1c bi\u1ec7n ph\u00e1p PR \u0111\u1ec3 h\u1ed3i sinh th\u1ecb tr\u1ea5n cho ch\u00ednh ph\u1ee7.\n\t\t\t\t\t\t<\/p>\n\t\t\t\t\t<p class=\"read\">\n\t\t\t\t\t\t<a href=\"https:\/\/www.kandagaigo.ac.jp\/kifl\/news\/89634\/\">\u2605 \u3014Phim t\u00e0i li\u1ec7u\u3015T\u00e1m th\u00e1ng \u0111\u1ec1 xu\u1ea5t k\u1ebf ho\u1ea1ch h\u1ed3i sinh khu v\u1ef1c cho t\u00f2a th\u1ecb ch\u00ednh v\u1edbi tr\u01b0\u1eddng trung h\u1ecdc Sekine Gakuen <ph><\/ph><\/a><br>\n\t\t\t\t\t\t<a href=\"https:\/\/www.kandagaigo.ac.jp\/kifl\/news\/89658\/\">\u2605 \u3014Phim t\u00e0i li\u1ec7u\u3015T\u00e1m th\u00e1ng th\u00e1ch th\u1ee9c \u0111\u1ec1 xu\u1ea5t k\u1ebf ho\u1ea1ch h\u1ed3i sinh khu v\u1ef1c cho t\u00f2a th\u1ecb ch\u00ednh v\u1edbi tr\u01b0\u1eddng trung h\u1ecdc Sekine Gakuen <ph><\/ph><\/a><br>\n\t\t\t\t\t\t<a href=\"https:\/\/www.kandagaigo.ac.jp\/kifl\/news\/76746\/\">\u2605Gi\u00e1o d\u1ee5c ngh\u1ec1 nghi\u1ec7p xuy\u00ean bi\u00ean gi\u1edbi n\u0103m t\u00e0i ch\u00ednh 2022 \u1edf qu\u1eadn Takada, th\u00e0nh ph\u1ed1 Joetsu, t\u1ec9nh Niigata B\u00e1o c\u00e1o ho\u1ea1t \u0111\u1ed9ng<\/a>\n\t\t\t\t\t<\/p>\n\t\t\t\t<\/div>\n\t\t\t<\/li>\n\t\t\t<li>\n\t\t\t\t<div class=\"img-box\">\n\t\t\t\t\t<div class=\"bg-img\">\n\t\t\t\t\t\t<img decoding=\"async\" src=\".\/images\/coop-bgimg05.jpg\" alt=\"\" class=\"bg\">\n\t\t\t\t\t\t<img decoding=\"async\" src=\".\/images\/coop-bgimg06.jpg\" alt=\"\" class=\"bg\">\n\t\t\t\t\t<\/div>\n\t\t\t\t\t<img decoding=\"async\" src=\".\/images\/num03.png\" alt=\"\" class=\"num\">\n\t\t\t\t\t<div class=\"read-box\">\n\t\t\t\t\t\t<p class=\"main-read\">\n  C\u00e2u l\u1ea1c b\u1ed9 v\u0103n h\u00f3a Kaze \"\u0110\u00e0o t\u1ea1o tour \u0111i xe \u0111\u1ea1p Tokyo v\u1edbi h\u01b0\u1edbng d\u1eabn vi\u00ean du l\u1ecbch ti\u1ebfng Anh\"\n\t\t\t\t\t\t<\/p>\n\t\t\t\t\t<\/div>\n\t\t\t\t<\/div>\n\t\t\t\t<div class=\"content-inner\">\n\t\t\t\t\t<p class=\"sub-read\">\n  B\u1ea1n s\u1ebd \u0111\u1ed3ng h\u00e0nh c\u00f9ng du kh\u00e1ch n\u01b0\u1edbc ngo\u00e0i trong c\u00e1c tour tham quan th\u1ef1c h\u00e0nh v\u00e0 tr\u1ea3i nghi\u1ec7m l\u00e0m h\u01b0\u1edbng d\u1eabn vi\u00ean du l\u1ecbch n\u00f3i ti\u1ebfng Anh. Th\u00f4ng qua \u0111\u1ea1p xe, b\u1ea1n s\u1ebd \u0111\u01b0\u1ee3c h\u01b0\u1edbng d\u1eabn xung quanh c\u00e1c khu v\u1ef1c kh\u00e1c nhau c\u1ee7a Tokyo b\u1eb1ng ti\u1ebfng Anh v\u00e0 c\u00f3 \u0111\u01b0\u1ee3c c\u00e1c k\u1ef9 n\u0103ng th\u1ef1c t\u1ebf.\n\t\t\t\t\t\t<\/p>\n\t\t\t\t\t<p class=\"read\">\n\t\t\t\t\t\t<a href=\"https:\/\/www.kandagaigo.ac.jp\/kifl\/news\/98415\/\">\u2605B\u00e1o c\u00e1o ho\u1ea1t \u0111\u1ed9ng n\u0103m t\u00e0i ch\u00ednh 2023<\/a><br>\n\t\t\t\t\t\t<a href=\"https:\/\/www.instagram.com\/p\/CveV4P7sZyW\/?img_index=1\" target=\"_blank\" rel=\"noopener\">\u2605 Xem video! \"\u0110\u00e0o t\u1ea1o tour \u0111i xe \u0111\u1ea1p Tokyo v\u1edbi h\u01b0\u1edbng d\u1eabn vi\u00ean du l\u1ecbch ti\u1ebfng Anh\"<\/a>\n\t\t\t\t\t<\/p>\n\t\t\t\t<\/div>\n\t\t\t<\/li>\n\t\t\t<li>\n\t\t\t\t<div class=\"img-box\">\n\t\t\t\t\t<div class=\"bg-img\">\n\t\t\t\t\t\t<img decoding=\"async\" src=\".\/images\/coop-bgimg07.jpg\" alt=\"\" class=\"bg\">\n\t\t\t\t\t\t<img decoding=\"async\" src=\".\/images\/coop-bgimg08.jpg\" alt=\"\" class=\"bg\">\n\t\t\t\t\t<\/div>\n\t\t\t\t\t<img decoding=\"async\" src=\".\/images\/num04.png\" alt=\"\" class=\"num\">\n\t\t\t\t\t<div class=\"read-box\">\n\t\t\t\t\t\t<p class=\"main-read\">\n  JR \u0110\u00f4ng Nh\u1eadt B\u1ea3n \"L\u1eadp k\u1ebf ho\u1ea1ch v\u00e0 v\u1eadn h\u00e0nh c\u00e1c s\u1ef1 ki\u1ec7n \u0111i b\u1ed9 quanh ga Kanda\"\n\t\t\t\t\t\t<\/p>\n\t\t\t\t\t<\/div>\n\t\t\t\t<\/div>\n\t\t\t\t<div class=\"content-inner\">\n\t\t\t\t\t<p class=\"sub-read\">\n  Ch\u00fang t\u00f4i l\u00ean k\u1ebf ho\u1ea1ch v\u00e0 l\u00ean k\u1ebf ho\u1ea1ch cho m\u1ed9t s\u1ef1 ki\u1ec7n \u0111i b\u1ed9 quanh Ga Kanda t\u1ea1i Chi nh\u00e1nh JR East Japan Tokyo (Ga Kanda). C\u00e1c tour du l\u1ecbch \u0111\u01b0\u1ee3c ch\u1ecdn s\u1ebd \u0111\u01b0\u1ee3c th\u01b0\u01a1ng m\u1ea1i h\u00f3a, v\u00e0 ch\u00ednh c\u00e1c sinh vi\u00ean s\u1ebd ch\u1ecbu tr\u00e1ch nhi\u1ec7m v\u1ec1 vi\u1ec7c ti\u1ebfp nh\u1eadn v\u00e0 v\u1eadn h\u00e0nh tour trong ng\u00e0y.\n\t\t\t\t\t\t<\/p>\n\t\t\t\t\t<p class=\"read\">\n\t\t\t\t\t\t<a href=\"https:\/\/www.kandagaigo.ac.jp\/kifl\/news\/34955\/\">\u2605 B\u00e1o c\u00e1o ho\u1ea1t \u0111\u1ed9ng trong qu\u00e1 kh\u1ee9<\/a>\n\n\t\t\t\t\t<\/p>\n\t\t\t\t<\/div>\n\t\t\t<\/li>\n\t\t\t<li>\n\t\t\t\t<div class=\"img-box\">\n\t\t\t\t\t<div class=\"bg-img\">\n\t\t\t\t\t\t<img decoding=\"async\" src=\".\/images\/coop-bgimg09.jpg\" alt=\"\" class=\"bg\">\n\t\t\t\t\t\t<img decoding=\"async\" src=\".\/images\/coop-bgimg10.jpg\" alt=\"\" class=\"bg\">\n\t\t\t\t\t<\/div>\n\t\t\t\t\t<img decoding=\"async\" src=\".\/images\/num05.png\" alt=\"\" class=\"num\">\n\t\t\t\t\t<div class=\"read-box\">\n\t\t\t\t\t\t<p class=\"main-read\">\n  British Hills, \"\u0110\u1ec1 xu\u1ea5t k\u1ebf ho\u1ea1ch th\u1ef1c t\u1eadp kh\u00e1ch s\u1ea1n ; ch\u1ed7 \u1edf tr\u1ecdn g\u00f3i\"\n\t\t\t\t\t\t<\/p>\n\t\t\t\t\t<\/div>\n\t\t\t\t<\/div>\n\t\t\t\t<div class=\"content-inner\">\n\t\t\t\t\t<p class=\"sub-read\">\n  Trong m\u1ed9t m\u00f4i tr\u01b0\u1eddng m\u00e0 t\u1ea5t c\u1ea3 c\u00e1c cu\u1ed9c tr\u00f2 chuy\u1ec7n gi\u1eefa c\u00e1c nh\u00e2n vi\u00ean \u0111\u01b0\u1ee3c th\u1ef1c hi\u1ec7n b\u1eb1ng ti\u1ebfng Anh, c\u0169ng nh\u01b0 trong d\u1ecbch v\u1ee5 kh\u00e1ch h\u00e0ng, sinh vi\u00ean th\u1ef1c h\u00e0nh c\u00e1c k\u1ef9 n\u0103ng giao ti\u1ebfp ti\u1ebfng Anh v\u00e0 k\u1ef9 n\u0103ng kh\u00e1ch s\u1ea1n c\u00f3 \u0111\u01b0\u1ee3c trong l\u1edbp. Trong n\u0103m th\u1ee9 hai, ch\u00fang t\u00f4i \u0111\u1ec1 xu\u1ea5t m\u1ed9t k\u1ebf ho\u1ea1ch ch\u1ed7 \u1edf tr\u1ecdn g\u00f3i.\n\t\t\t\t\t\t<\/p>\n\t\t\t\t\t<p class=\"read\">\n\t\t\t\t\t\t<a href=\"https:\/\/www.kandagaigo.ac.jp\/kifl\/news\/79717\/\">\u2605B\u00e1o c\u00e1o ho\u1ea1t \u0111\u1ed9ng th\u1ef1c t\u1eadp kh\u00e1ch s\u1ea1n n\u0103m 2022<\/a><br>\n\t\t\t\t\t\t<a href=\"https:\/\/www.kandagaigo.ac.jp\/kifl\/news\/89014\/\">\u2605B\u00e1o c\u00e1o th\u1ef1c h\u00e0nh ch\u1ed7 \u1edf n\u0103m 2022 \"K\u1ebf ho\u1ea1ch ch\u1ed7 \u1edf du l\u1ecbch t\u1ed1t nghi\u1ec7p @ British Hills\"<\/a>\n\n\t\t\t\t\t<\/p>\n\t\t\t\t<\/div>\n\t\t\t<\/li>\n\t\t\t<li>\n\t\t\t\t<div class=\"img-box\">\n\t\t\t\t\t<div class=\"bg-img\">\n\t\t\t\t\t\t<img decoding=\"async\" src=\".\/images\/coop-bgimg11.jpg\" alt=\"\" class=\"bg\">\n\t\t\t\t\t\t<img decoding=\"async\" src=\".\/images\/coop-bgimg12.jpg\" alt=\"\" class=\"bg\">\n\t\t\t\t\t<\/div>\n\t\t\t\t\t<img decoding=\"async\" src=\".\/images\/num06.png\" alt=\"\" class=\"num\">\n\t\t\t\t\t<div class=\"read-box\">\n\t\t\t\t\t\t<p class=\"main-read\">\n  C\u00e2u l\u1ea1c b\u1ed9 tr\u1ebb em Kanda Gaigo \"Th\u1ef1c t\u1eadp ; L\u1eadp k\u1ebf ho\u1ea1ch v\u00e0 qu\u1ea3n l\u00fd ti\u1ec7c Gi\u00e1ng sinh\"\n\t\t\t\t\t\t<\/p>\n\t\t\t\t\t<\/div>\n\t\t\t\t<\/div>\n\t\t\t\t<div class=\"content-inner\">\n\t\t\t\t\t<p class=\"sub-read\">\n  T\u1ea1i l\u1edbp \u0111\u00e0m tho\u1ea1i ti\u1ebfng Anh c\u1ee7a T\u1eadp \u0111o\u00e0n Kanda Gaigo \"C\u00e2u l\u1ea1c b\u1ed9 tr\u1ebb em Kanda Gaigo\", ch\u00fang t\u00f4i s\u1ebd ti\u1ebfn h\u00e0nh th\u1ef1c t\u1eadp \u0111\u1ec3 d\u1ea1y ti\u1ebfng Anh cho tr\u1ebb em v\u00e0 l\u00ean k\u1ebf ho\u1ea1ch v\u00e0 qu\u1ea3n l\u00fd c\u00e1c b\u1eefa ti\u1ec7c Gi\u00e1ng sinh cho c\u00e1c th\u00e0nh vi\u00ean.\n\t\t\t\t\t\t<\/p>\n\t\t\t\t\t<p class=\"read\">\n\t\t\t\t\t\t<a href=\"https:\/\/www.kandagaigo.ac.jp\/kifl\/news\/89859\/\">\u2605B\u00e1o c\u00e1o ho\u1ea1t \u0111\u1ed9ng n\u0103m t\u00e0i ch\u00ednh 2022<\/a>\n\t\t\t\t\t<\/p>\n\t\t\t\t<\/div>\n\t\t\t<\/li>\n\t\t\t<li>\n\t\t\t\t<div class=\"img-box\">\n\t\t\t\t\t<div class=\"bg-img\">\n\t\t\t\t\t\t<img decoding=\"async\" src=\".\/images\/coop-bgimg13.jpg\" alt=\"\" class=\"bg\">\n\t\t\t\t\t\t<img decoding=\"async\" src=\".\/images\/coop-bgimg14.jpg\" alt=\"\" class=\"bg\">\n\t\t\t\t\t<\/div>\n\t\t\t\t\t<img decoding=\"async\" src=\".\/images\/num07.png\" alt=\"\" class=\"num\">\n\t\t\t\t\t<div class=\"read-box\">\n\t\t\t\t\t\t<p class=\"main-read\">\n  \"Tour tham quan s\u00e2n bay v\u00e0 \u0111\u00e0o t\u1ea1o th\u1ef1c h\u00e0nh nh\u00e2n vi\u00ean m\u1eb7t \u0111\u1ea5t c\u1ee7a c\u00e1c h\u00e3ng h\u00e0ng kh\u00f4ng\"\n\t\t\t\t\t\t<\/p>\n\t\t\t\t\t<\/div>\n\t\t\t\t<\/div>\n\t\t\t\t<div class=\"content-inner\">\n\t\t\t\t\t<p class=\"sub-read\">\n  Ch\u00fang t\u00f4i th\u1ef1c hi\u1ec7n nhi\u1ec1u ch\u01b0\u01a1ng tr\u00ecnh \u0111\u00e0o t\u1ea1o nh\u01b0 h\u1ed9i th\u1ea3o \u0111\u1eb7c bi\u1ec7t c\u1ee7a nh\u00e2n vi\u00ean h\u00e0ng kh\u00f4ng hi\u1ec7n t\u1ea1i, tham quan s\u00e2n bay v\u00e0 \u0111\u00e0o t\u1ea1o th\u1ef1c t\u1ebf, \u0111\u1ec3 b\u1ea1n c\u00f3 th\u1ec3 t\u01b0\u1edfng t\u01b0\u1ee3ng m\u00ecnh \u0111ang l\u00e0m vi\u1ec7c cho m\u1ed9t h\u00e3ng h\u00e0ng kh\u00f4ng. \u0110\u1ed9ng vi\u00ean b\u1ea3n th\u00e2n cho k\u1ef3 thi tuy\u1ec3n d\u1ee5ng.\n\t\t\t\t\t\t<\/p>\n\t\t\t\t\t<p class=\"read\">\n\t\t\t\t\t\t<a href=\"https:\/\/www.kandagaigo.ac.jp\/kifl\/news\/97131\/\">\u2605B\u00e1o c\u00e1o Ho\u1ea1t \u0111\u1ed9ng v\u00e0 \u0110\u00e0o t\u1ea1o S\u00e2n bay D\u1ecbch v\u1ee5 S\u00e2n bay ANA Narita n\u0103m 2022<\/a><br>\n\t\t\t\t\t\t<a href=\"https:\/\/www.kandagaigo.ac.jp\/kifl\/news\/78415\/\">\u2605B\u00e1o c\u00e1o ho\u1ea1t \u0111\u1ed9ng v\u00e0 tham quan s\u00e2n bay Haneda n\u0103m t\u00e0i ch\u00ednh 2022<\/a>\n\n\t\t\t\t\t<\/p>\n\t\t\t\t<\/div>\n\t\t\t<\/li>\n\t\t\t<li>\n\t\t\t\t<div class=\"img-box\">\n\t\t\t\t\t<div class=\"bg-img\">\n\t\t\t\t\t\t<img decoding=\"async\" src=\".\/images\/coop-bgimg15.jpg\" alt=\"\" class=\"bg\">\n\t\t\t\t\t\t<img decoding=\"async\" src=\".\/images\/coop-bgimg16.jpg\" alt=\"\" class=\"bg\">\n\t\t\t\t\t<\/div>\n\t\t\t\t\t<img decoding=\"async\" src=\".\/images\/num08.png\" alt=\"\" class=\"num\">\n\t\t\t\t\t<div class=\"read-box\">\n\t\t\t\t\t\t<p class=\"main-read\">\n  \"\u0110\u00e0o t\u1ea1o th\u1ef1c h\u00e0nh kh\u00e1ch s\u1ea1n\"\n\t\t\t\t\t\t<\/p>\n\t\t\t\t\t<\/div>\n\t\t\t\t<\/div>\n\t\t\t\t<div class=\"content-inner\">\n\t\t\t\t\t<p class=\"sub-read\">\n  Th\u00f4ng qua kho\u1ea3ng 8 tu\u1ea7n \u0111\u00e0o t\u1ea1o th\u1ef1c t\u1ebf t\u1ea1i m\u1ed9t kh\u00e1ch s\u1ea1n h\u1ea1ng nh\u1ea5t, b\u1ea1n s\u1ebd h\u1ecdc \u0111\u01b0\u1ee3c l\u00f2ng hi\u1ebfu kh\u00e1ch trong l\u0129nh v\u1ef1c th\u1ef1c t\u1ebf. Ch\u00fang t\u00f4i s\u1ebd hi\u1ec3u b\u1ea3n ch\u1ea5t th\u00fa v\u1ecb, nghi\u00eam ng\u1eb7t v\u00e0 b\u1ed5 \u00edch c\u1ee7a c\u00f4ng vi\u1ec7c kh\u00e1ch s\u1ea1n, v\u00e0 s\u1ebd mang l\u1ea1i cho b\u1ea1n m\u1ed9t l\u1ee3i th\u1ebf trong vi\u1ec7c t\u00ecm ki\u1ebfm vi\u1ec7c l\u00e0m c\u1ee7a b\u1ea1n.\n\t\t\t\t\t\t<\/p>\n\t\t\t\t\t<p class=\"read\">\n  \u3010\u0110i\u1ec3m \u0111\u1ebfn \u0111\u00e0o t\u1ea1o\u3011 Westin Tokyo, Grand Hyatt Tokyo, Park Hyatt Tokyo, Hilton Tokyo Bay, Mandarin Oriental, Tokyo, Mirial Resort Hotels, InterContinental Yokohama Grand Hotel, The Okura Tokyo, v.v. (Kh\u00e1ch s\u1ea1n thay \u0111\u1ed5i theo n\u0103m)\n\t\t\t\t\t<\/p>\n\t\t\t\t<\/div>\n\t\t\t<\/li>\n\t\t\t<li>\n\t\t\t\t<div class=\"img-box\">\n\t\t\t\t\t<div class=\"bg-img\">\n\t\t\t\t\t\t<img decoding=\"async\" src=\".\/images\/coop-bgimg17.jpg\" alt=\"\" class=\"bg\">\n\t\t\t\t\t\t<img decoding=\"async\" src=\".\/images\/coop-bgimg18.jpg\" alt=\"\" class=\"bg\">\n\t\t\t\t\t<\/div>\n\t\t\t\t\t<img decoding=\"async\" src=\".\/images\/num09.png\" alt=\"\" class=\"num\">\n\t\t\t\t\t<div class=\"read-box\">\n\t\t\t\t\t\t<p class=\"main-read\">\n  \"Th\u1ef1c t\u1eadp gi\u00e1o d\u1ee5c ti\u1ebfng Anh cho tr\u1ebb\"\n\t\t\t\t\t\t<\/p>\n\t\t\t\t\t<\/div>\n\t\t\t\t<\/div>\n\t\t\t\t<div class=\"content-inner\">\n\t\t\t\t\t<p class=\"sub-read\">\n  D\u1ef1a tr\u00ean k\u1ebf ho\u1ea1ch b\u00e0i h\u1ecdc v\u00e0 t\u00e0i li\u1ec7u gi\u1ea3ng d\u1ea1y m\u00e0 h\u1ecd t\u1ef1 ngh\u0129 ra, h\u1ecd ti\u1ebfn h\u00e0nh \u0111\u00e0o t\u1ea1o th\u1ef1c t\u1ebf t\u1ea1i c\u00e1c tr\u01b0\u1eddng m\u1eabu gi\u00e1o v\u00e0 ti\u1ec3u h\u1ecdc g\u1ea7n \u0111\u00f3. H\u1ecdc sinh ph\u00e1t tri\u1ec3n c\u00e1c k\u1ef9 n\u0103ng th\u1ef1c t\u1ebf b\u1eb1ng c\u00e1ch l\u1eb7p l\u1ea1i nhi\u1ec1u th\u1ef1c h\u00e0nh gi\u1ea3ng d\u1ea1y v\u00e0 tham quan l\u1edbp h\u1ecdc v\u00e0 t\u00edch l\u0169y kinh nghi\u1ec7m th\u1ef1c \u0111\u1ecba.\n\t\t\t\t\t\t<\/p>\n\t\t\t\t\t<p class=\"read\">\n  \u3010\u0110i\u1ec3m \u0111\u1ebfn \u0111\u00e0o t\u1ea1o\u3011 Tr\u01b0\u1eddng ti\u1ec3u h\u1ecdc Mita, Minato-ku, Tokyo, Kids Duo International, v.v.<br>\n\t\t\t\t\t\t<a href=\"https:\/\/www.kandagaigo.ac.jp\/kifl\/news\/98475\/\">\u2605 B\u00e1o c\u00e1o Ho\u1ea1t \u0111\u1ed9ng c\u1ee7a Tr\u01b0\u1eddng Ti\u1ec3u h\u1ecdc Mita Ph\u01b0\u1eddng Minato<\/a><br>\n\t\t\t\t\t\t<a href=\"https:\/\/www.kandagaigo.ac.jp\/kifl\/news\/42414\/\">\u2605B\u00e1o c\u00e1o ho\u1ea1t \u0111\u1ed9ng Mitaka qu\u1ed1c t\u1ebf c\u1ee7a Kids Duo<\/a>\n\n\t\t\t\t\t<\/p>\n\t\t\t\t<\/div>\n\t\t\t<\/li>\n\t\t<\/ul>","protected":false},"excerpt":{"rendered":"\"H\u1ecdc v\u1edbi t\u00ednh x\u00e1c th\u1ef1c\" v\u1edbi c\u00e1c c\u00f4ng ty v\u00e0 c\u1ed9ng \u0111\u1ed3ng. \u0110\u00f3 l\u00e0 l\u00fd do t\u1ea1i sao b\u1ea1n c\u00f3 th\u1ec3 c\u00f3 hi\u1ec7u qu\u1ea3 ngay l\u1eadp t\u1ee9c trong x\u00e3 h\u1ed9i. H\u1ecdc vi\u1ec7n Ngo\u1ea1i ng\u1eef Kanda cung c\u1ea5p nhi\u1ec1u l\u1edbp h\u1ecdc th\u1ef1c h\u00e0nh v\u1edbi s\u1ef1 h\u1ee3p t\u00e1c c\u1ee7a c\u00e1c c\u00f4ng ty v\u00e0 c\u1ed9ng \u0111\u1ed3ng \u0111\u1ecba ph\u01b0\u01a1ng. [&hellip;]","protected":false},"author":1,"featured_media":0,"parent":0,"menu_order":3,"comment_status":"closed","ping_status":"closed","template":"page-cooperation_temp.php","meta":{"footnotes":"","_links_to":"","_links_to_target":""},"acf":[],"_links":{"self":[{"href":"https:\/\/www.kandagaigo.ac.jp\/kifl\/vi\/wp-json\/wp\/v2\/pages\/831409"}],"collection":[{"href":"https:\/\/www.kandagaigo.ac.jp\/kifl\/vi\/wp-json\/wp\/v2\/pages"}],"about":[{"href":"https:\/\/www.kandagaigo.ac.jp\/kifl\/vi\/wp-json\/wp\/v2\/types\/page"}],"author":[{"embeddable":true,"href":"https:\/\/www.kandagaigo.ac.jp\/kifl\/vi\/wp-json\/wp\/v2\/users\/1"}],"replies":[{"embeddable":true,"href":"https:\/\/www.kandagaigo.ac.jp\/kifl\/vi\/wp-json\/wp\/v2\/comments?post=831409"}],"version-history":[{"count":1,"href":"https:\/\/www.kandagaigo.ac.jp\/kifl\/vi\/wp-json\/wp\/v2\/pages\/831409\/revisions"}],"predecessor-version":[{"id":831457,"href":"https:\/\/www.kandagaigo.ac.jp\/kifl\/vi\/wp-json\/wp\/v2\/pages\/831409\/revisions\/831457"}],"wp:attachment":[{"href":"https:\/\/www.kandagaigo.ac.jp\/kifl\/vi\/wp-json\/wp\/v2\/media?parent=831409"}],"curies":[{"name":"wp","href":"https:\/\/api.w.org\/{rel}","templated":true}]}}